{"id":691,"date":"2023-02-24T16:01:47","date_gmt":"2023-02-24T15:01:47","guid":{"rendered":"http:\/\/localhost\/osiris\/?page_id=691"},"modified":"2023-03-25T18:55:30","modified_gmt":"2023-03-25T17:55:30","slug":"rolunk","status":"publish","type":"page","link":"https:\/\/osiris.hu\/en\/rolunk\/","title":{"rendered":"R\u00f3lunk old"},"content":{"rendered":"<div data-elementor-type=\"wp-page\" data-elementor-id=\"691\" class=\"elementor elementor-691\" data-elementor-settings=\"{&quot;ha_cmc_init_switcher&quot;:&quot;no&quot;}\">\n\t\t\t\t\t\t<section class=\"elementor-section elementor-top-section elementor-element elementor-element-e0f4366 elementor-section-boxed elementor-section-height-default elementor-section-height-default wpr-particle-no wpr-jarallax-no wpr-parallax-no wpr-sticky-section-no\" data-id=\"e0f4366\" data-element_type=\"section\" data-e-type=\"section\" data-settings=\"{&quot;_ha_eqh_enable&quot;:false}\">\n\t\t\t\t\t\t<div class=\"elementor-container elementor-column-gap-default\">\n\t\t\t\t\t<div class=\"elementor-column elementor-col-100 elementor-top-column elementor-element elementor-element-deb094d\" data-id=\"deb094d\" data-element_type=\"column\" data-e-type=\"column\">\n\t\t\t<div class=\"elementor-widget-wrap elementor-element-populated\">\n\t\t\t\t\t\t<div class=\"elementor-element elementor-element-d144897 elementor-widget elementor-widget-heading\" data-id=\"d144897\" data-element_type=\"widget\" data-e-type=\"widget\" data-widget_type=\"heading.default\">\n\t\t\t\t<div class=\"elementor-widget-container\">\n\t\t\t\t\t<h2 class=\"elementor-heading-title elementor-size-default\">About us<\/h2>\t\t\t\t<\/div>\n\t\t\t\t<\/div>\n\t\t\t\t\t<\/div>\n\t\t<\/div>\n\t\t\t\t\t<\/div>\n\t\t<\/section>\n\t\t\t\t<section class=\"elementor-section elementor-top-section elementor-element elementor-element-85c4c8b elementor-section-boxed elementor-section-height-default elementor-section-height-default wpr-particle-no wpr-jarallax-no wpr-parallax-no wpr-sticky-section-no\" data-id=\"85c4c8b\" data-element_type=\"section\" data-e-type=\"section\" data-settings=\"{&quot;_ha_eqh_enable&quot;:false}\">\n\t\t\t\t\t\t<div class=\"elementor-container elementor-column-gap-default\">\n\t\t\t\t\t<div class=\"elementor-column elementor-col-100 elementor-top-column elementor-element elementor-element-24e1f69\" data-id=\"24e1f69\" data-element_type=\"column\" data-e-type=\"column\">\n\t\t\t<div class=\"elementor-widget-wrap elementor-element-populated\">\n\t\t\t\t\t\t<div class=\"elementor-element elementor-element-acd00bd elementor-widget-divider--view-line elementor-widget elementor-widget-divider\" data-id=\"acd00bd\" data-element_type=\"widget\" data-e-type=\"widget\" data-widget_type=\"divider.default\">\n\t\t\t\t<div class=\"elementor-widget-container\">\n\t\t\t\t\t\t\t<div class=\"elementor-divider\">\n\t\t\t<span class=\"elementor-divider-separator\">\n\t\t\t\t\t\t<\/span>\n\t\t<\/div>\n\t\t\t\t\t\t<\/div>\n\t\t\t\t<\/div>\n\t\t\t\t\t<\/div>\n\t\t<\/div>\n\t\t\t\t\t<\/div>\n\t\t<\/section>\n\t\t\t\t<section class=\"elementor-section elementor-top-section elementor-element elementor-element-98448fa elementor-section-boxed elementor-section-height-default elementor-section-height-default wpr-particle-no wpr-jarallax-no wpr-parallax-no wpr-sticky-section-no\" data-id=\"98448fa\" data-element_type=\"section\" data-e-type=\"section\" data-settings=\"{&quot;_ha_eqh_enable&quot;:false}\">\n\t\t\t\t\t\t<div class=\"elementor-container elementor-column-gap-default\">\n\t\t\t\t\t<div class=\"elementor-column elementor-col-100 elementor-top-column elementor-element elementor-element-85497eb\" data-id=\"85497eb\" data-element_type=\"column\" data-e-type=\"column\">\n\t\t\t<div class=\"elementor-widget-wrap elementor-element-populated\">\n\t\t\t\t\t\t<div class=\"elementor-element elementor-element-d64052d ha-has-bg-overlay elementor-widget elementor-widget-text-editor\" data-id=\"d64052d\" data-element_type=\"widget\" data-e-type=\"widget\" data-widget_type=\"text-editor.default\">\n\t\t\t\t<div class=\"elementor-widget-container\">\n\t\t\t\t\t\t\t\t\t<p><span class=\"S1PPyQ\">C\u00e9g\u00fcnk t\u00f6bb mint 20 \u00e9ves tapasztalattal rendelkezik bel\u00e9ptet\u0151rendszerek \u00e9s komplex biztons\u00e1gi rendszerek<\/span> <span class=\"S1PPyQ\">fejleszt\u00e9s\u00e9vel, \u00e9rt\u00e9kes\u00edt\u00e9s\u00e9vel, kivitelez\u00e9s\u00e9vel \u00e9s t\u00e1mogat\u00e1s\u00e1val.<\/span><\/p><p><span class=\"S1PPyQ\"><span class=\"S1PPyQ\" style=\"color: #447b9c; font-weight: bold;\">100%-ban saj\u00e1t fejleszt\u00e9s\u0171 OSIRIS<\/span> <span class=\"S1PPyQ\" style=\"color: #447b9c; font-weight: bold;\">bel\u00e9ptet\u0151 rendszereink szoftveres \u00e9s hardveres elemeinek gy\u00e1rt\u00e1s\u00e1t is magunk v\u00e9gezz\u00fck.<\/span><br \/><\/span><\/p><p><span class=\"S1PPyQ\">We also strive to carry out all phases of the construction ourselves. From the installation of the cables, to the installation of the hardware<\/span> <span class=\"S1PPyQ\">devices, the installation is carried out by our own staff. Not only do we maintain our own proprietary systems, but we also provide general<\/span> <span class=\"S1PPyQ\">operation and maintenance.<\/span><\/p>\t\t\t\t\t\t\t\t<\/div>\n\t\t\t\t<\/div>\n\t\t\t\t\t<\/div>\n\t\t<\/div>\n\t\t\t\t\t<\/div>\n\t\t<\/section>\n\t\t\t\t<\/div>","protected":false},"excerpt":{"rendered":"<p>R\u00f3lunk C\u00e9g\u00fcnk t\u00f6bb mint 20 \u00e9ves tapasztalattal rendelkezik bel\u00e9ptet\u0151rendszerek \u00e9s komplex biztons\u00e1gi rendszerek fejleszt\u00e9s\u00e9vel, \u00e9rt\u00e9kes\u00edt\u00e9s\u00e9vel, kivitelez\u00e9s\u00e9vel \u00e9s t\u00e1mogat\u00e1s\u00e1val. 100%-ban saj\u00e1t fejleszt\u00e9s\u0171 OSIRIS bel\u00e9ptet\u0151 rendszereink szoftveres \u00e9s hardveres elemeinek gy\u00e1rt\u00e1s\u00e1t is magunk v\u00e9gezz\u00fck. T\u00f6reksz\u00fcnk a kivitelez\u00e9s minden munkaf\u00e1zis\u00e1t is magunk v\u00e9gezni. A k\u00e1belek beh\u00faz\u00e1s\u00e1t\u00f3l, a hardver eszk\u00f6z\u00f6k felszerel\u00e9s\u00e9ig a be\u00fczemel\u00e9st saj\u00e1t munkat\u00e1rsaink v\u00e9gzik. Nem csak a saj\u00e1t fejleszt\u00e9s\u0171 rendszereinket tartjuk karban, hanem \u00e1ltal\u00e1nos \u00fczemeltet\u00e9st \u00e9s karbantart\u00e1st is v\u00e9gz\u00fcnk.<\/p>","protected":false},"author":1,"featured_media":0,"parent":0,"menu_order":0,"comment_status":"closed","ping_status":"closed","template":"","meta":{"_uag_custom_page_level_css":"","_monsterinsights_skip_tracking":false,"_monsterinsights_sitenote_active":false,"_monsterinsights_sitenote_note":"","_monsterinsights_sitenote_category":0,"site-sidebar-layout":"default","site-content-layout":"","ast-site-content-layout":"default","site-content-style":"default","site-sidebar-style":"default","ast-global-header-display":"","ast-banner-title-visibility":"","ast-main-header-display":"","ast-hfb-above-header-display":"","ast-hfb-below-header-display":"","ast-hfb-mobile-header-display":"","site-post-title":"disabled","ast-breadcrumbs-content":"","ast-featured-img":"","footer-sml-layout":"","ast-disable-related-posts":"","theme-transparent-header-meta":"disabled","adv-header-id-meta":"","stick-header-meta":"","header-above-stick-meta":"","header-main-stick-meta":"","header-below-stick-meta":"","astra-migrate-meta-layouts":"default","ast-page-background-enabled":"default","ast-page-background-meta":{"desktop":{"background-color":"var(--ast-global-color-4)","background-image":"","background-repeat":"repeat","background-position":"center center","background-size":"auto","background-attachment":"scroll","background-type":"","background-media":"","overlay-type":"","overlay-color":"","overlay-opacity":"","overlay-gradient":""},"tablet":{"background-color":"","background-image":"","background-repeat":"repeat","background-position":"center center","background-size":"auto","background-attachment":"scroll","background-type":"","background-media":"","overlay-type":"","overlay-color":"","overlay-opacity":"","overlay-gradient":""},"mobile":{"background-color":"","background-image":"","background-repeat":"repeat","background-position":"center center","background-size":"auto","background-attachment":"scroll","background-type":"","background-media":"","overlay-type":"","overlay-color":"","overlay-opacity":"","overlay-gradient":""}},"ast-content-background-meta":{"desktop":{"background-color":"var(--ast-global-color-5)","background-image":"","background-repeat":"repeat","background-position":"center center","background-size":"auto","background-attachment":"scroll","background-type":"","background-media":"","overlay-type":"","overlay-color":"","overlay-opacity":"","overlay-gradient":""},"tablet":{"background-color":"var(--ast-global-color-5)","background-image":"","background-repeat":"repeat","background-position":"center center","background-size":"auto","background-attachment":"scroll","background-type":"","background-media":"","overlay-type":"","overlay-color":"","overlay-opacity":"","overlay-gradient":""},"mobile":{"background-color":"var(--ast-global-color-5)","background-image":"","background-repeat":"repeat","background-position":"center center","background-size":"auto","background-attachment":"scroll","background-type":"","background-media":"","overlay-type":"","overlay-color":"","overlay-opacity":"","overlay-gradient":""}},"footnotes":""},"class_list":["post-691","page","type-page","status-publish","hentry"],"yoast_head":"<!-- This site is optimized with the Yoast SEO plugin v27.2 - https:\/\/yoast.com\/product\/yoast-seo-wordpress\/ -->\n<title>R\u00f3lunk old - OSIRIS - Bel\u00e9ptet\u0151 rendszerek<\/title>\n<meta name=\"robots\" content=\"index, follow, max-snippet:-1, max-image-preview:large, max-video-preview:-1\" \/>\n<link rel=\"canonical\" href=\"https:\/\/osiris.hu\/en\/rolunk\/\" \/>\n<meta property=\"og:locale\" content=\"en_GB\" \/>\n<meta property=\"og:type\" content=\"article\" \/>\n<meta property=\"og:title\" content=\"R\u00f3lunk old - OSIRIS - Bel\u00e9ptet\u0151 rendszerek\" \/>\n<meta property=\"og:description\" content=\"R\u00f3lunk C\u00e9g\u00fcnk t\u00f6bb mint 20 \u00e9ves tapasztalattal rendelkezik bel\u00e9ptet\u0151rendszerek \u00e9s komplex biztons\u00e1gi rendszerek fejleszt\u00e9s\u00e9vel, \u00e9rt\u00e9kes\u00edt\u00e9s\u00e9vel, kivitelez\u00e9s\u00e9vel \u00e9s t\u00e1mogat\u00e1s\u00e1val. 100%-ban saj\u00e1t fejleszt\u00e9s\u0171 OSIRIS bel\u00e9ptet\u0151 rendszereink szoftveres \u00e9s hardveres elemeinek gy\u00e1rt\u00e1s\u00e1t is magunk v\u00e9gezz\u00fck. T\u00f6reksz\u00fcnk a kivitelez\u00e9s minden munkaf\u00e1zis\u00e1t is magunk v\u00e9gezni. A k\u00e1belek beh\u00faz\u00e1s\u00e1t\u00f3l, a hardver eszk\u00f6z\u00f6k felszerel\u00e9s\u00e9ig a be\u00fczemel\u00e9st saj\u00e1t munkat\u00e1rsaink v\u00e9gzik. Nem csak a saj\u00e1t fejleszt\u00e9s\u0171 rendszereinket tartjuk karban, hanem \u00e1ltal\u00e1nos \u00fczemeltet\u00e9st \u00e9s karbantart\u00e1st is v\u00e9gz\u00fcnk.\" \/>\n<meta property=\"og:url\" content=\"https:\/\/osiris.hu\/en\/rolunk\/\" \/>\n<meta property=\"og:site_name\" content=\"OSIRIS - Bel\u00e9ptet\u0151 rendszerek\" \/>\n<meta property=\"article:modified_time\" content=\"2023-03-25T17:55:30+00:00\" \/>\n<meta name=\"twitter:card\" content=\"summary_large_image\" \/>\n<meta name=\"twitter:label1\" content=\"Estimated reading time\" \/>\n\t<meta name=\"twitter:data1\" content=\"1 minute\" \/>\n<script type=\"application\/ld+json\" class=\"yoast-schema-graph\">{\"@context\":\"https:\/\/schema.org\",\"@graph\":[{\"@type\":\"WebPage\",\"@id\":\"https:\/\/osiris.hu\/rolunk\/\",\"url\":\"https:\/\/osiris.hu\/rolunk\/\",\"name\":\"R\u00f3lunk old - OSIRIS - Bel\u00e9ptet\u0151 rendszerek\",\"isPartOf\":{\"@id\":\"https:\/\/osiris.hu\/#website\"},\"datePublished\":\"2023-02-24T15:01:47+00:00\",\"dateModified\":\"2023-03-25T17:55:30+00:00\",\"inLanguage\":\"en-GB\",\"potentialAction\":[{\"@type\":\"ReadAction\",\"target\":[\"https:\/\/osiris.hu\/rolunk\/\"]}]},{\"@type\":\"WebSite\",\"@id\":\"https:\/\/osiris.hu\/#website\",\"url\":\"https:\/\/osiris.hu\/\",\"name\":\"OSIRIS - Bel\u00e9ptet\u0151 rendszerek\",\"description\":\"Intelligens bel\u00e9ptet\u0151 rendszerek\",\"publisher\":{\"@id\":\"https:\/\/osiris.hu\/#organization\"},\"potentialAction\":[{\"@type\":\"SearchAction\",\"target\":{\"@type\":\"EntryPoint\",\"urlTemplate\":\"https:\/\/osiris.hu\/?s={search_term_string}\"},\"query-input\":{\"@type\":\"PropertyValueSpecification\",\"valueRequired\":true,\"valueName\":\"search_term_string\"}}],\"inLanguage\":\"en-GB\"},{\"@type\":\"Organization\",\"@id\":\"https:\/\/osiris.hu\/#organization\",\"name\":\"Osiris\",\"url\":\"https:\/\/osiris.hu\/\",\"logo\":{\"@type\":\"ImageObject\",\"inLanguage\":\"en-GB\",\"@id\":\"https:\/\/osiris.hu\/#\/schema\/logo\/image\/\",\"url\":\"https:\/\/osiris.hu\/wp-content\/uploads\/2023\/12\/cropped-osirislogo.png\",\"contentUrl\":\"https:\/\/osiris.hu\/wp-content\/uploads\/2023\/12\/cropped-osirislogo.png\",\"width\":180,\"height\":60,\"caption\":\"Osiris\"},\"image\":{\"@id\":\"https:\/\/osiris.hu\/#\/schema\/logo\/image\/\"}}]}<\/script>\n<!-- \/ Yoast SEO plugin. -->","yoast_head_json":{"title":"R\u00f3lunk old - OSIRIS - Bel\u00e9ptet\u0151 rendszerek","robots":{"index":"index","follow":"follow","max-snippet":"max-snippet:-1","max-image-preview":"max-image-preview:large","max-video-preview":"max-video-preview:-1"},"canonical":"https:\/\/osiris.hu\/en\/rolunk\/","og_locale":"en_GB","og_type":"article","og_title":"R\u00f3lunk old - OSIRIS - Bel\u00e9ptet\u0151 rendszerek","og_description":"R\u00f3lunk C\u00e9g\u00fcnk t\u00f6bb mint 20 \u00e9ves tapasztalattal rendelkezik bel\u00e9ptet\u0151rendszerek \u00e9s komplex biztons\u00e1gi rendszerek fejleszt\u00e9s\u00e9vel, \u00e9rt\u00e9kes\u00edt\u00e9s\u00e9vel, kivitelez\u00e9s\u00e9vel \u00e9s t\u00e1mogat\u00e1s\u00e1val. 100%-ban saj\u00e1t fejleszt\u00e9s\u0171 OSIRIS bel\u00e9ptet\u0151 rendszereink szoftveres \u00e9s hardveres elemeinek gy\u00e1rt\u00e1s\u00e1t is magunk v\u00e9gezz\u00fck. T\u00f6reksz\u00fcnk a kivitelez\u00e9s minden munkaf\u00e1zis\u00e1t is magunk v\u00e9gezni. A k\u00e1belek beh\u00faz\u00e1s\u00e1t\u00f3l, a hardver eszk\u00f6z\u00f6k felszerel\u00e9s\u00e9ig a be\u00fczemel\u00e9st saj\u00e1t munkat\u00e1rsaink v\u00e9gzik. Nem csak a saj\u00e1t fejleszt\u00e9s\u0171 rendszereinket tartjuk karban, hanem \u00e1ltal\u00e1nos \u00fczemeltet\u00e9st \u00e9s karbantart\u00e1st is v\u00e9gz\u00fcnk.","og_url":"https:\/\/osiris.hu\/en\/rolunk\/","og_site_name":"OSIRIS - Bel\u00e9ptet\u0151 rendszerek","article_modified_time":"2023-03-25T17:55:30+00:00","twitter_card":"summary_large_image","twitter_misc":{"Estimated reading time":"1 minute"},"schema":{"@context":"https:\/\/schema.org","@graph":[{"@type":"WebPage","@id":"https:\/\/osiris.hu\/rolunk\/","url":"https:\/\/osiris.hu\/rolunk\/","name":"R\u00f3lunk old - OSIRIS - Bel\u00e9ptet\u0151 rendszerek","isPartOf":{"@id":"https:\/\/osiris.hu\/#website"},"datePublished":"2023-02-24T15:01:47+00:00","dateModified":"2023-03-25T17:55:30+00:00","inLanguage":"en-GB","potentialAction":[{"@type":"ReadAction","target":["https:\/\/osiris.hu\/rolunk\/"]}]},{"@type":"WebSite","@id":"https:\/\/osiris.hu\/#website","url":"https:\/\/osiris.hu\/","name":"OSIRIS - Access control systems","description":"Intelligens bel\u00e9ptet\u0151 rendszerek","publisher":{"@id":"https:\/\/osiris.hu\/#organization"},"potentialAction":[{"@type":"SearchAction","target":{"@type":"EntryPoint","urlTemplate":"https:\/\/osiris.hu\/?s={search_term_string}"},"query-input":{"@type":"PropertyValueSpecification","valueRequired":true,"valueName":"search_term_string"}}],"inLanguage":"en-GB"},{"@type":"Organization","@id":"https:\/\/osiris.hu\/#organization","name":"Osiris","url":"https:\/\/osiris.hu\/","logo":{"@type":"ImageObject","inLanguage":"en-GB","@id":"https:\/\/osiris.hu\/#\/schema\/logo\/image\/","url":"https:\/\/osiris.hu\/wp-content\/uploads\/2023\/12\/cropped-osirislogo.png","contentUrl":"https:\/\/osiris.hu\/wp-content\/uploads\/2023\/12\/cropped-osirislogo.png","width":180,"height":60,"caption":"Osiris"},"image":{"@id":"https:\/\/osiris.hu\/#\/schema\/logo\/image\/"}}]}},"uagb_featured_image_src":{"full":false,"thumbnail":false,"medium":false,"medium_large":false,"large":false,"1536x1536":false,"2048x2048":false,"trp-custom-language-flag":false},"uagb_author_info":{"display_name":"Admin","author_link":"https:\/\/osiris.hu\/en\/author\/admin\/"},"uagb_comment_info":0,"uagb_excerpt":"R\u00f3lunk C\u00e9g\u00fcnk t\u00f6bb mint 20 \u00e9ves tapasztalattal rendelkezik bel\u00e9ptet\u0151rendszerek \u00e9s komplex biztons\u00e1gi rendszerek fejleszt\u00e9s\u00e9vel, \u00e9rt\u00e9kes\u00edt\u00e9s\u00e9vel, kivitelez\u00e9s\u00e9vel \u00e9s t\u00e1mogat\u00e1s\u00e1val. 100%-ban saj\u00e1t fejleszt\u00e9s\u0171 OSIRIS bel\u00e9ptet\u0151 rendszereink szoftveres \u00e9s hardveres elemeinek gy\u00e1rt\u00e1s\u00e1t is magunk v\u00e9gezz\u00fck. T\u00f6reksz\u00fcnk a kivitelez\u00e9s minden munkaf\u00e1zis\u00e1t is magunk v\u00e9gezni. A k\u00e1belek beh\u00faz\u00e1s\u00e1t\u00f3l, a hardver eszk\u00f6z\u00f6k felszerel\u00e9s\u00e9ig a be\u00fczemel\u00e9st saj\u00e1t munkat\u00e1rsaink v\u00e9gzik. Nem csak a&hellip;","_links":{"self":[{"href":"https:\/\/osiris.hu\/en\/wp-json\/wp\/v2\/pages\/691","targetHints":{"allow":["GET"]}}],"collection":[{"href":"https:\/\/osiris.hu\/en\/wp-json\/wp\/v2\/pages"}],"about":[{"href":"https:\/\/osiris.hu\/en\/wp-json\/wp\/v2\/types\/page"}],"author":[{"embeddable":true,"href":"https:\/\/osiris.hu\/en\/wp-json\/wp\/v2\/users\/1"}],"replies":[{"embeddable":true,"href":"https:\/\/osiris.hu\/en\/wp-json\/wp\/v2\/comments?post=691"}],"version-history":[{"count":13,"href":"https:\/\/osiris.hu\/en\/wp-json\/wp\/v2\/pages\/691\/revisions"}],"predecessor-version":[{"id":1587,"href":"https:\/\/osiris.hu\/en\/wp-json\/wp\/v2\/pages\/691\/revisions\/1587"}],"wp:attachment":[{"href":"https:\/\/osiris.hu\/en\/wp-json\/wp\/v2\/media?parent=691"}],"curies":[{"name":"wp","href":"https:\/\/api.w.org\/{rel}","templated":true}]}}