{"id":1207,"date":"2023-03-08T11:17:11","date_gmt":"2023-03-08T10:17:11","guid":{"rendered":"https:\/\/osiris.hu\/?page_id=1207"},"modified":"2023-03-25T18:56:10","modified_gmt":"2023-03-25T17:56:10","slug":"cloud","status":"publish","type":"page","link":"https:\/\/osiris.hu\/en\/cloud\/","title":{"rendered":"Cloud old"},"content":{"rendered":"<div data-elementor-type=\"wp-page\" data-elementor-id=\"1207\" class=\"elementor elementor-1207\" data-elementor-settings=\"{&quot;ha_cmc_init_switcher&quot;:&quot;no&quot;}\">\n\t\t\t\t\t\t<section class=\"elementor-section elementor-top-section elementor-element elementor-element-e0f4366 elementor-section-boxed elementor-section-height-default elementor-section-height-default wpr-particle-no wpr-jarallax-no wpr-parallax-no wpr-sticky-section-no\" data-id=\"e0f4366\" data-element_type=\"section\" data-e-type=\"section\" data-settings=\"{&quot;_ha_eqh_enable&quot;:false}\">\n\t\t\t\t\t\t<div class=\"elementor-container elementor-column-gap-default\">\n\t\t\t\t\t<div class=\"elementor-column elementor-col-100 elementor-top-column elementor-element elementor-element-deb094d\" data-id=\"deb094d\" data-element_type=\"column\" data-e-type=\"column\">\n\t\t\t<div class=\"elementor-widget-wrap elementor-element-populated\">\n\t\t\t\t\t\t<div class=\"elementor-element elementor-element-d144897 elementor-widget elementor-widget-heading\" data-id=\"d144897\" data-element_type=\"widget\" data-e-type=\"widget\" data-widget_type=\"heading.default\">\n\t\t\t\t<div class=\"elementor-widget-container\">\n\t\t\t\t\t<h2 class=\"elementor-heading-title elementor-size-default\">OSiris Cloud<\/h2>\t\t\t\t<\/div>\n\t\t\t\t<\/div>\n\t\t\t\t\t<\/div>\n\t\t<\/div>\n\t\t\t\t\t<\/div>\n\t\t<\/section>\n\t\t\t\t<section class=\"elementor-section elementor-top-section elementor-element elementor-element-85c4c8b elementor-section-boxed elementor-section-height-default elementor-section-height-default wpr-particle-no wpr-jarallax-no wpr-parallax-no wpr-sticky-section-no\" data-id=\"85c4c8b\" data-element_type=\"section\" data-e-type=\"section\" data-settings=\"{&quot;_ha_eqh_enable&quot;:false}\">\n\t\t\t\t\t\t<div class=\"elementor-container elementor-column-gap-default\">\n\t\t\t\t\t<div class=\"elementor-column elementor-col-100 elementor-top-column elementor-element elementor-element-24e1f69\" data-id=\"24e1f69\" data-element_type=\"column\" data-e-type=\"column\">\n\t\t\t<div class=\"elementor-widget-wrap elementor-element-populated\">\n\t\t\t\t\t\t<div class=\"elementor-element elementor-element-44b4fcd elementor-widget elementor-widget-heading\" data-id=\"44b4fcd\" data-element_type=\"widget\" data-e-type=\"widget\" data-widget_type=\"heading.default\">\n\t\t\t\t<div class=\"elementor-widget-container\">\n\t\t\t\t\t<h3 class=\"elementor-heading-title elementor-size-default\">Felh\u0151<\/h3>\t\t\t\t<\/div>\n\t\t\t\t<\/div>\n\t\t\t\t<div class=\"elementor-element elementor-element-acd00bd elementor-widget-divider--view-line elementor-widget elementor-widget-divider\" data-id=\"acd00bd\" data-element_type=\"widget\" data-e-type=\"widget\" data-widget_type=\"divider.default\">\n\t\t\t\t<div class=\"elementor-widget-container\">\n\t\t\t\t\t\t\t<div class=\"elementor-divider\">\n\t\t\t<span class=\"elementor-divider-separator\">\n\t\t\t\t\t\t<\/span>\n\t\t<\/div>\n\t\t\t\t\t\t<\/div>\n\t\t\t\t<\/div>\n\t\t\t\t\t<\/div>\n\t\t<\/div>\n\t\t\t\t\t<\/div>\n\t\t<\/section>\n\t\t\t\t<section class=\"elementor-section elementor-top-section elementor-element elementor-element-98448fa elementor-section-stretched elementor-section-boxed elementor-section-height-default elementor-section-height-default wpr-particle-no wpr-jarallax-no wpr-parallax-no wpr-sticky-section-no\" data-id=\"98448fa\" data-element_type=\"section\" data-e-type=\"section\" data-settings=\"{&quot;background_background&quot;:&quot;classic&quot;,&quot;stretch_section&quot;:&quot;section-stretched&quot;,&quot;_ha_eqh_enable&quot;:false}\">\n\t\t\t\t\t\t<div class=\"elementor-container elementor-column-gap-default\">\n\t\t\t\t\t<div class=\"elementor-column elementor-col-100 elementor-top-column elementor-element elementor-element-85497eb\" data-id=\"85497eb\" data-element_type=\"column\" data-e-type=\"column\">\n\t\t\t<div class=\"elementor-widget-wrap elementor-element-populated\">\n\t\t\t\t\t\t<div class=\"elementor-element elementor-element-e3e8717 elementor-widget elementor-widget-spacer\" data-id=\"e3e8717\" data-element_type=\"widget\" data-e-type=\"widget\" data-widget_type=\"spacer.default\">\n\t\t\t\t<div class=\"elementor-widget-container\">\n\t\t\t\t\t\t\t<div class=\"elementor-spacer\">\n\t\t\t<div class=\"elementor-spacer-inner\"><\/div>\n\t\t<\/div>\n\t\t\t\t\t\t<\/div>\n\t\t\t\t<\/div>\n\t\t\t\t\t<\/div>\n\t\t<\/div>\n\t\t\t\t\t<\/div>\n\t\t<\/section>\n\t\t\t\t<section class=\"elementor-section elementor-top-section elementor-element elementor-element-do93dsv elementor-section-content-middle elementor-section-stretched elementor-section-boxed elementor-section-height-default elementor-section-height-default wpr-particle-no wpr-jarallax-no wpr-parallax-no wpr-sticky-section-no\" data-id=\"do93dsv\" data-element_type=\"section\" data-e-type=\"section\" data-settings=\"{&quot;stretch_section&quot;:&quot;section-stretched&quot;,&quot;_ha_eqh_enable&quot;:false}\">\n\t\t\t\t\t\t<div class=\"elementor-container elementor-column-gap-default\">\n\t\t\t\t\t<div class=\"elementor-column elementor-col-33 elementor-top-column elementor-element elementor-element-45e39d6\" data-id=\"45e39d6\" data-element_type=\"column\" data-e-type=\"column\" data-settings=\"{&quot;background_background&quot;:&quot;classic&quot;}\">\n\t\t\t<div class=\"elementor-widget-wrap elementor-element-populated\">\n\t\t\t\t\t\t<div class=\"elementor-element elementor-element-a2e08bf elementor-widget elementor-widget-image\" data-id=\"a2e08bf\" data-element_type=\"widget\" data-e-type=\"widget\" data-widget_type=\"image.default\">\n\t\t\t\t<div class=\"elementor-widget-container\">\n\t\t\t\t\t\t\t\t\t\t\t\t\t\t\t<img fetchpriority=\"high\" decoding=\"async\" width=\"1024\" height=\"932\" src=\"https:\/\/osiris.hu\/wp-content\/uploads\/2023\/02\/pngwing.com-2.png\" class=\"attachment-full size-full wp-image-868\" alt=\"\" \/>\t\t\t\t\t\t\t\t\t\t\t\t\t\t\t<\/div>\n\t\t\t\t<\/div>\n\t\t\t\t\t<\/div>\n\t\t<\/div>\n\t\t\t\t<div class=\"elementor-column elementor-col-66 elementor-top-column elementor-element elementor-element-afc406f\" data-id=\"afc406f\" data-element_type=\"column\" data-e-type=\"column\" data-settings=\"{&quot;background_background&quot;:&quot;classic&quot;}\">\n\t\t\t<div class=\"elementor-widget-wrap elementor-element-populated\">\n\t\t\t\t\t\t<section class=\"elementor-section elementor-inner-section elementor-element elementor-element-0b8ba8e elementor-section-content-middle elementor-section-boxed elementor-section-height-default elementor-section-height-default wpr-particle-no wpr-jarallax-no wpr-parallax-no wpr-sticky-section-no\" data-id=\"0b8ba8e\" data-element_type=\"section\" data-e-type=\"section\" data-settings=\"{&quot;_ha_eqh_enable&quot;:false}\">\n\t\t\t\t\t\t<div class=\"elementor-container elementor-column-gap-default\">\n\t\t\t\t\t<div class=\"elementor-column elementor-col-66 elementor-inner-column elementor-element elementor-element-804683b\" data-id=\"804683b\" data-element_type=\"column\" data-e-type=\"column\">\n\t\t\t<div class=\"elementor-widget-wrap elementor-element-populated\">\n\t\t\t\t\t\t<div class=\"elementor-element elementor-element-4a7fe24 elementor-widget__width-auto elementor-widget elementor-widget-heading\" data-id=\"4a7fe24\" data-element_type=\"widget\" data-e-type=\"widget\" data-widget_type=\"heading.default\">\n\t\t\t\t<div class=\"elementor-widget-container\">\n\t\t\t\t\t<h5 class=\"elementor-heading-title elementor-size-default\">Amennyiben felkeltett\u00fck \u00e9rdekl\u0151d\u00e9s\u00e9t, l\u00e9pjen vel\u00fcnk kapcsolatba!<\/h5>\t\t\t\t<\/div>\n\t\t\t\t<\/div>\n\t\t\t\t\t<\/div>\n\t\t<\/div>\n\t\t\t\t<div class=\"elementor-column elementor-col-33 elementor-inner-column elementor-element elementor-element-547350c\" data-id=\"547350c\" data-element_type=\"column\" data-e-type=\"column\">\n\t\t\t<div class=\"elementor-widget-wrap elementor-element-populated\">\n\t\t\t\t\t\t<div class=\"elementor-element elementor-element-633d41c elementor-widget__width-auto elementor-widget elementor-widget-button\" data-id=\"633d41c\" data-element_type=\"widget\" data-e-type=\"widget\" data-widget_type=\"button.default\">\n\t\t\t\t<div class=\"elementor-widget-container\">\n\t\t\t\t\t\t\t\t\t<div class=\"elementor-button-wrapper\">\n\t\t\t\t\t<a class=\"elementor-button elementor-button-link elementor-size-sm\" href=\"#\">\n\t\t\t\t\t\t<span class=\"elementor-button-content-wrapper\">\n\t\t\t\t\t\t\t\t\t<span class=\"elementor-button-text\">AJ\u00c1NLATOT K\u00c9REK!<\/span>\n\t\t\t\t\t<\/span>\n\t\t\t\t\t<\/a>\n\t\t\t\t<\/div>\n\t\t\t\t\t\t\t\t<\/div>\n\t\t\t\t<\/div>\n\t\t\t\t\t<\/div>\n\t\t<\/div>\n\t\t\t\t\t<\/div>\n\t\t<\/section>\n\t\t\t\t\t<\/div>\n\t\t<\/div>\n\t\t\t\t\t<\/div>\n\t\t<\/section>\n\t\t\t\t<\/div>","protected":false},"excerpt":{"rendered":"<p>OSiris Cloud Felh\u0151 Amennyiben felkeltett\u00fck \u00e9rdekl\u0151d\u00e9s\u00e9t, l\u00e9pjen vel\u00fcnk kapcsolatba! AJ\u00c1NLATOT K\u00c9REK!<\/p>","protected":false},"author":1,"featured_media":0,"parent":0,"menu_order":0,"comment_status":"closed","ping_status":"closed","template":"","meta":{"_uag_custom_page_level_css":"","_monsterinsights_skip_tracking":false,"_monsterinsights_sitenote_active":false,"_monsterinsights_sitenote_note":"","_monsterinsights_sitenote_category":0,"site-sidebar-layout":"default","site-content-layout":"","ast-site-content-layout":"default","site-content-style":"default","site-sidebar-style":"default","ast-global-header-display":"","ast-banner-title-visibility":"","ast-main-header-display":"","ast-hfb-above-header-display":"","ast-hfb-below-header-display":"","ast-hfb-mobile-header-display":"","site-post-title":"disabled","ast-breadcrumbs-content":"","ast-featured-img":"","footer-sml-layout":"","ast-disable-related-posts":"","theme-transparent-header-meta":"disabled","adv-header-id-meta":"","stick-header-meta":"","header-above-stick-meta":"","header-main-stick-meta":"","header-below-stick-meta":"","astra-migrate-meta-layouts":"default","ast-page-background-enabled":"default","ast-page-background-meta":{"desktop":{"background-color":"var(--ast-global-color-4)","background-image":"","background-repeat":"repeat","background-position":"center center","background-size":"auto","background-attachment":"scroll","background-type":"","background-media":"","overlay-type":"","overlay-color":"","overlay-opacity":"","overlay-gradient":""},"tablet":{"background-color":"","background-image":"","background-repeat":"repeat","background-position":"center center","background-size":"auto","background-attachment":"scroll","background-type":"","background-media":"","overlay-type":"","overlay-color":"","overlay-opacity":"","overlay-gradient":""},"mobile":{"background-color":"","background-image":"","background-repeat":"repeat","background-position":"center center","background-size":"auto","background-attachment":"scroll","background-type":"","background-media":"","overlay-type":"","overlay-color":"","overlay-opacity":"","overlay-gradient":""}},"ast-content-background-meta":{"desktop":{"background-color":"var(--ast-global-color-5)","background-image":"","background-repeat":"repeat","background-position":"center center","background-size":"auto","background-attachment":"scroll","background-type":"","background-media":"","overlay-type":"","overlay-color":"","overlay-opacity":"","overlay-gradient":""},"tablet":{"background-color":"var(--ast-global-color-5)","background-image":"","background-repeat":"repeat","background-position":"center center","background-size":"auto","background-attachment":"scroll","background-type":"","background-media":"","overlay-type":"","overlay-color":"","overlay-opacity":"","overlay-gradient":""},"mobile":{"background-color":"var(--ast-global-color-5)","background-image":"","background-repeat":"repeat","background-position":"center center","background-size":"auto","background-attachment":"scroll","background-type":"","background-media":"","overlay-type":"","overlay-color":"","overlay-opacity":"","overlay-gradient":""}},"footnotes":""},"class_list":["post-1207","page","type-page","status-publish","hentry"],"yoast_head":"<!-- This site is optimized with the Yoast SEO plugin v27.2 - https:\/\/yoast.com\/product\/yoast-seo-wordpress\/ -->\n<title>Cloud old - OSIRIS - Bel\u00e9ptet\u0151 rendszerek<\/title>\n<meta name=\"robots\" content=\"index, follow, max-snippet:-1, max-image-preview:large, max-video-preview:-1\" \/>\n<link rel=\"canonical\" href=\"https:\/\/osiris.hu\/en\/cloud\/\" \/>\n<meta property=\"og:locale\" content=\"en_GB\" \/>\n<meta property=\"og:type\" content=\"article\" \/>\n<meta property=\"og:title\" content=\"Cloud old - OSIRIS - Bel\u00e9ptet\u0151 rendszerek\" \/>\n<meta property=\"og:description\" content=\"OSiris Cloud Felh\u0151 Amennyiben felkeltett\u00fck \u00e9rdekl\u0151d\u00e9s\u00e9t, l\u00e9pjen vel\u00fcnk kapcsolatba! AJ\u00c1NLATOT K\u00c9REK!\" \/>\n<meta property=\"og:url\" content=\"https:\/\/osiris.hu\/en\/cloud\/\" \/>\n<meta property=\"og:site_name\" content=\"OSIRIS - Bel\u00e9ptet\u0151 rendszerek\" \/>\n<meta property=\"article:modified_time\" content=\"2023-03-25T17:56:10+00:00\" \/>\n<meta property=\"og:image\" content=\"https:\/\/osiris.hu\/wp-content\/uploads\/2023\/02\/pngwing.com-2.png\" \/>\n<meta name=\"twitter:card\" content=\"summary_large_image\" \/>\n<script type=\"application\/ld+json\" class=\"yoast-schema-graph\">{\"@context\":\"https:\/\/schema.org\",\"@graph\":[{\"@type\":\"WebPage\",\"@id\":\"https:\/\/osiris.hu\/cloud\/\",\"url\":\"https:\/\/osiris.hu\/cloud\/\",\"name\":\"Cloud old - OSIRIS - Bel\u00e9ptet\u0151 rendszerek\",\"isPartOf\":{\"@id\":\"https:\/\/osiris.hu\/#website\"},\"primaryImageOfPage\":{\"@id\":\"https:\/\/osiris.hu\/cloud\/#primaryimage\"},\"image\":{\"@id\":\"https:\/\/osiris.hu\/cloud\/#primaryimage\"},\"thumbnailUrl\":\"https:\/\/osiris.hu\/wp-content\/uploads\/2023\/02\/pngwing.com-2.png\",\"datePublished\":\"2023-03-08T10:17:11+00:00\",\"dateModified\":\"2023-03-25T17:56:10+00:00\",\"inLanguage\":\"en-GB\",\"potentialAction\":[{\"@type\":\"ReadAction\",\"target\":[\"https:\/\/osiris.hu\/cloud\/\"]}]},{\"@type\":\"ImageObject\",\"inLanguage\":\"en-GB\",\"@id\":\"https:\/\/osiris.hu\/cloud\/#primaryimage\",\"url\":\"https:\/\/osiris.hu\/wp-content\/uploads\/2023\/02\/pngwing.com-2.png\",\"contentUrl\":\"https:\/\/osiris.hu\/wp-content\/uploads\/2023\/02\/pngwing.com-2.png\"},{\"@type\":\"WebSite\",\"@id\":\"https:\/\/osiris.hu\/#website\",\"url\":\"https:\/\/osiris.hu\/\",\"name\":\"OSIRIS - Bel\u00e9ptet\u0151 rendszerek\",\"description\":\"Intelligens bel\u00e9ptet\u0151 rendszerek\",\"publisher\":{\"@id\":\"https:\/\/osiris.hu\/#organization\"},\"potentialAction\":[{\"@type\":\"SearchAction\",\"target\":{\"@type\":\"EntryPoint\",\"urlTemplate\":\"https:\/\/osiris.hu\/?s={search_term_string}\"},\"query-input\":{\"@type\":\"PropertyValueSpecification\",\"valueRequired\":true,\"valueName\":\"search_term_string\"}}],\"inLanguage\":\"en-GB\"},{\"@type\":\"Organization\",\"@id\":\"https:\/\/osiris.hu\/#organization\",\"name\":\"Osiris\",\"url\":\"https:\/\/osiris.hu\/\",\"logo\":{\"@type\":\"ImageObject\",\"inLanguage\":\"en-GB\",\"@id\":\"https:\/\/osiris.hu\/#\/schema\/logo\/image\/\",\"url\":\"https:\/\/osiris.hu\/wp-content\/uploads\/2023\/12\/cropped-osirislogo.png\",\"contentUrl\":\"https:\/\/osiris.hu\/wp-content\/uploads\/2023\/12\/cropped-osirislogo.png\",\"width\":180,\"height\":60,\"caption\":\"Osiris\"},\"image\":{\"@id\":\"https:\/\/osiris.hu\/#\/schema\/logo\/image\/\"}}]}<\/script>\n<!-- \/ Yoast SEO plugin. -->","yoast_head_json":{"title":"Cloud old - OSIRIS - Bel\u00e9ptet\u0151 rendszerek","robots":{"index":"index","follow":"follow","max-snippet":"max-snippet:-1","max-image-preview":"max-image-preview:large","max-video-preview":"max-video-preview:-1"},"canonical":"https:\/\/osiris.hu\/en\/cloud\/","og_locale":"en_GB","og_type":"article","og_title":"Cloud old - OSIRIS - Bel\u00e9ptet\u0151 rendszerek","og_description":"OSiris Cloud Felh\u0151 Amennyiben felkeltett\u00fck \u00e9rdekl\u0151d\u00e9s\u00e9t, l\u00e9pjen vel\u00fcnk kapcsolatba! AJ\u00c1NLATOT K\u00c9REK!","og_url":"https:\/\/osiris.hu\/en\/cloud\/","og_site_name":"OSIRIS - Bel\u00e9ptet\u0151 rendszerek","article_modified_time":"2023-03-25T17:56:10+00:00","og_image":[{"url":"https:\/\/osiris.hu\/wp-content\/uploads\/2023\/02\/pngwing.com-2.png","type":"","width":"","height":""}],"twitter_card":"summary_large_image","schema":{"@context":"https:\/\/schema.org","@graph":[{"@type":"WebPage","@id":"https:\/\/osiris.hu\/cloud\/","url":"https:\/\/osiris.hu\/cloud\/","name":"Cloud old - OSIRIS - Bel\u00e9ptet\u0151 rendszerek","isPartOf":{"@id":"https:\/\/osiris.hu\/#website"},"primaryImageOfPage":{"@id":"https:\/\/osiris.hu\/cloud\/#primaryimage"},"image":{"@id":"https:\/\/osiris.hu\/cloud\/#primaryimage"},"thumbnailUrl":"https:\/\/osiris.hu\/wp-content\/uploads\/2023\/02\/pngwing.com-2.png","datePublished":"2023-03-08T10:17:11+00:00","dateModified":"2023-03-25T17:56:10+00:00","inLanguage":"en-GB","potentialAction":[{"@type":"ReadAction","target":["https:\/\/osiris.hu\/cloud\/"]}]},{"@type":"ImageObject","inLanguage":"en-GB","@id":"https:\/\/osiris.hu\/cloud\/#primaryimage","url":"https:\/\/osiris.hu\/wp-content\/uploads\/2023\/02\/pngwing.com-2.png","contentUrl":"https:\/\/osiris.hu\/wp-content\/uploads\/2023\/02\/pngwing.com-2.png"},{"@type":"WebSite","@id":"https:\/\/osiris.hu\/#website","url":"https:\/\/osiris.hu\/","name":"OSIRIS - Access control systems","description":"Intelligens bel\u00e9ptet\u0151 rendszerek","publisher":{"@id":"https:\/\/osiris.hu\/#organization"},"potentialAction":[{"@type":"SearchAction","target":{"@type":"EntryPoint","urlTemplate":"https:\/\/osiris.hu\/?s={search_term_string}"},"query-input":{"@type":"PropertyValueSpecification","valueRequired":true,"valueName":"search_term_string"}}],"inLanguage":"en-GB"},{"@type":"Organization","@id":"https:\/\/osiris.hu\/#organization","name":"Osiris","url":"https:\/\/osiris.hu\/","logo":{"@type":"ImageObject","inLanguage":"en-GB","@id":"https:\/\/osiris.hu\/#\/schema\/logo\/image\/","url":"https:\/\/osiris.hu\/wp-content\/uploads\/2023\/12\/cropped-osirislogo.png","contentUrl":"https:\/\/osiris.hu\/wp-content\/uploads\/2023\/12\/cropped-osirislogo.png","width":180,"height":60,"caption":"Osiris"},"image":{"@id":"https:\/\/osiris.hu\/#\/schema\/logo\/image\/"}}]}},"uagb_featured_image_src":{"full":false,"thumbnail":false,"medium":false,"medium_large":false,"large":false,"1536x1536":false,"2048x2048":false,"trp-custom-language-flag":false},"uagb_author_info":{"display_name":"Admin","author_link":"https:\/\/osiris.hu\/en\/author\/admin\/"},"uagb_comment_info":0,"uagb_excerpt":"OSiris Cloud Felh\u0151 Amennyiben felkeltett\u00fck \u00e9rdekl\u0151d\u00e9s\u00e9t, l\u00e9pjen vel\u00fcnk kapcsolatba! AJ\u00c1NLATOT K\u00c9REK!","_links":{"self":[{"href":"https:\/\/osiris.hu\/en\/wp-json\/wp\/v2\/pages\/1207","targetHints":{"allow":["GET"]}}],"collection":[{"href":"https:\/\/osiris.hu\/en\/wp-json\/wp\/v2\/pages"}],"about":[{"href":"https:\/\/osiris.hu\/en\/wp-json\/wp\/v2\/types\/page"}],"author":[{"embeddable":true,"href":"https:\/\/osiris.hu\/en\/wp-json\/wp\/v2\/users\/1"}],"replies":[{"embeddable":true,"href":"https:\/\/osiris.hu\/en\/wp-json\/wp\/v2\/comments?post=1207"}],"version-history":[{"count":5,"href":"https:\/\/osiris.hu\/en\/wp-json\/wp\/v2\/pages\/1207\/revisions"}],"predecessor-version":[{"id":1596,"href":"https:\/\/osiris.hu\/en\/wp-json\/wp\/v2\/pages\/1207\/revisions\/1596"}],"wp:attachment":[{"href":"https:\/\/osiris.hu\/en\/wp-json\/wp\/v2\/media?parent=1207"}],"curies":[{"name":"wp","href":"https:\/\/api.w.org\/{rel}","templated":true}]}}