{"id":1184,"date":"2023-03-08T08:54:54","date_gmt":"2023-03-08T07:54:54","guid":{"rendered":"https:\/\/osiris.hu\/?page_id=1184"},"modified":"2023-03-08T08:56:32","modified_gmt":"2023-03-08T07:56:32","slug":"urlap","status":"publish","type":"page","link":"https:\/\/osiris.hu\/en\/urlap\/","title":{"rendered":"\u0170rlap"},"content":{"rendered":"<div data-elementor-type=\"wp-page\" data-elementor-id=\"1184\" class=\"elementor elementor-1184\" data-elementor-settings=\"{&quot;ha_cmc_init_switcher&quot;:&quot;no&quot;}\">\n\t\t\t\t\t\t<section class=\"elementor-section elementor-top-section elementor-element elementor-element-85c4c8b elementor-section-boxed elementor-section-height-default elementor-section-height-default wpr-particle-no wpr-jarallax-no wpr-parallax-no wpr-sticky-section-no wpr-equal-height-no\" data-id=\"85c4c8b\" data-element_type=\"section\" data-e-type=\"section\" data-settings=\"{&quot;_ha_eqh_enable&quot;:false}\">\n\t\t\t\t\t\t<div class=\"elementor-container elementor-column-gap-default\">\n\t\t\t\t\t<div class=\"elementor-column elementor-col-100 elementor-top-column elementor-element elementor-element-24e1f69\" data-id=\"24e1f69\" data-element_type=\"column\" data-e-type=\"column\">\n\t\t\t<div class=\"elementor-widget-wrap elementor-element-populated\">\n\t\t\t\t\t\t<div class=\"elementor-element elementor-element-acd00bd elementor-widget-divider--view-line elementor-widget elementor-widget-divider\" data-id=\"acd00bd\" data-element_type=\"widget\" data-e-type=\"widget\" data-widget_type=\"divider.default\">\n\t\t\t\t<div class=\"elementor-widget-container\">\n\t\t\t\t\t\t\t<div class=\"elementor-divider\">\n\t\t\t<span class=\"elementor-divider-separator\">\n\t\t\t\t\t\t<\/span>\n\t\t<\/div>\n\t\t\t\t\t\t<\/div>\n\t\t\t\t<\/div>\n\t\t\t\t\t<\/div>\n\t\t<\/div>\n\t\t\t\t\t<\/div>\n\t\t<\/section>\n\t\t\t\t<section class=\"elementor-section elementor-top-section elementor-element elementor-element-0075e22 elementor-section-boxed elementor-section-height-default elementor-section-height-default wpr-particle-no wpr-jarallax-no wpr-parallax-no wpr-sticky-section-no wpr-equal-height-no\" data-id=\"0075e22\" data-element_type=\"section\" data-e-type=\"section\" data-settings=\"{&quot;_ha_eqh_enable&quot;:false}\">\n\t\t\t\t\t\t<div class=\"elementor-container elementor-column-gap-default\">\n\t\t\t\t\t<div class=\"elementor-column elementor-col-100 elementor-top-column elementor-element elementor-element-560525e\" data-id=\"560525e\" data-element_type=\"column\" data-e-type=\"column\">\n\t\t\t<div class=\"elementor-widget-wrap elementor-element-populated\">\n\t\t\t\t\t\t<div class=\"elementor-element elementor-element-922385a elementor-widget elementor-widget-text-editor\" data-id=\"922385a\" data-element_type=\"widget\" data-e-type=\"widget\" data-widget_type=\"text-editor.default\">\n\t\t\t\t<div class=\"elementor-widget-container\">\n\t\t\t\t\t\t\t\t\t<p>K\u00f6sz\u00f6nj\u00fck, hogy kapcsolatba l\u00e9pett vel\u00fcnk! Hamarosan jelentkez\u00fcnk.<\/p>\t\t\t\t\t\t\t\t<\/div>\n\t\t\t\t<\/div>\n\t\t\t\t\t<\/div>\n\t\t<\/div>\n\t\t\t\t\t<\/div>\n\t\t<\/section>\n\t\t\t\t<\/div>","protected":false},"excerpt":{"rendered":"<p>K\u00f6sz\u00f6nj\u00fck, hogy kapcsolatba l\u00e9pett vel\u00fcnk! Hamarosan jelentkez\u00fcnk.<\/p>","protected":false},"author":1,"featured_media":0,"parent":0,"menu_order":0,"comment_status":"closed","ping_status":"closed","template":"","meta":{"_uag_custom_page_level_css":"","_monsterinsights_skip_tracking":false,"_monsterinsights_sitenote_active":false,"_monsterinsights_sitenote_note":"","_monsterinsights_sitenote_category":0,"site-sidebar-layout":"default","site-content-layout":"","ast-site-content-layout":"default","site-content-style":"default","site-sidebar-style":"default","ast-global-header-display":"","ast-banner-title-visibility":"","ast-main-header-display":"","ast-hfb-above-header-display":"","ast-hfb-below-header-display":"","ast-hfb-mobile-header-display":"","site-post-title":"disabled","ast-breadcrumbs-content":"","ast-featured-img":"","footer-sml-layout":"","ast-disable-related-posts":"","theme-transparent-header-meta":"disabled","adv-header-id-meta":"","stick-header-meta":"","header-above-stick-meta":"","header-main-stick-meta":"","header-below-stick-meta":"","astra-migrate-meta-layouts":"default","ast-page-background-enabled":"default","ast-page-background-meta":{"desktop":{"background-color":"var(--ast-global-color-4)","background-image":"","background-repeat":"repeat","background-position":"center center","background-size":"auto","background-attachment":"scroll","background-type":"","background-media":"","overlay-type":"","overlay-color":"","overlay-opacity":"","overlay-gradient":""},"tablet":{"background-color":"","background-image":"","background-repeat":"repeat","background-position":"center center","background-size":"auto","background-attachment":"scroll","background-type":"","background-media":"","overlay-type":"","overlay-color":"","overlay-opacity":"","overlay-gradient":""},"mobile":{"background-color":"","background-image":"","background-repeat":"repeat","background-position":"center center","background-size":"auto","background-attachment":"scroll","background-type":"","background-media":"","overlay-type":"","overlay-color":"","overlay-opacity":"","overlay-gradient":""}},"ast-content-background-meta":{"desktop":{"background-color":"var(--ast-global-color-5)","background-image":"","background-repeat":"repeat","background-position":"center center","background-size":"auto","background-attachment":"scroll","background-type":"","background-media":"","overlay-type":"","overlay-color":"","overlay-opacity":"","overlay-gradient":""},"tablet":{"background-color":"var(--ast-global-color-5)","background-image":"","background-repeat":"repeat","background-position":"center center","background-size":"auto","background-attachment":"scroll","background-type":"","background-media":"","overlay-type":"","overlay-color":"","overlay-opacity":"","overlay-gradient":""},"mobile":{"background-color":"var(--ast-global-color-5)","background-image":"","background-repeat":"repeat","background-position":"center center","background-size":"auto","background-attachment":"scroll","background-type":"","background-media":"","overlay-type":"","overlay-color":"","overlay-opacity":"","overlay-gradient":""}},"footnotes":""},"class_list":["post-1184","page","type-page","status-publish","hentry"],"yoast_head":"<!-- This site is optimized with the Yoast SEO plugin v27.4 - https:\/\/yoast.com\/product\/yoast-seo-wordpress\/ -->\n<title>\u0170rlap - OSIRIS - Bel\u00e9ptet\u0151 rendszerek<\/title>\n<meta name=\"robots\" content=\"index, follow, max-snippet:-1, max-image-preview:large, max-video-preview:-1\" \/>\n<link rel=\"canonical\" href=\"https:\/\/osiris.hu\/en\/urlap\/\" \/>\n<meta property=\"og:locale\" content=\"en_GB\" \/>\n<meta property=\"og:type\" content=\"article\" \/>\n<meta property=\"og:title\" content=\"\u0170rlap - OSIRIS - Bel\u00e9ptet\u0151 rendszerek\" \/>\n<meta property=\"og:description\" content=\"K\u00f6sz\u00f6nj\u00fck, hogy kapcsolatba l\u00e9pett vel\u00fcnk! Hamarosan jelentkez\u00fcnk.\" \/>\n<meta property=\"og:url\" content=\"https:\/\/osiris.hu\/en\/urlap\/\" \/>\n<meta property=\"og:site_name\" content=\"OSIRIS - Bel\u00e9ptet\u0151 rendszerek\" \/>\n<meta property=\"article:modified_time\" content=\"2023-03-08T07:56:32+00:00\" \/>\n<meta name=\"twitter:card\" content=\"summary_large_image\" \/>\n<script type=\"application\/ld+json\" class=\"yoast-schema-graph\">{\"@context\":\"https:\\\/\\\/schema.org\",\"@graph\":[{\"@type\":\"WebPage\",\"@id\":\"https:\\\/\\\/osiris.hu\\\/urlap\\\/\",\"url\":\"https:\\\/\\\/osiris.hu\\\/urlap\\\/\",\"name\":\"\u0170rlap - OSIRIS - Bel\u00e9ptet\u0151 rendszerek\",\"isPartOf\":{\"@id\":\"https:\\\/\\\/osiris.hu\\\/#website\"},\"datePublished\":\"2023-03-08T07:54:54+00:00\",\"dateModified\":\"2023-03-08T07:56:32+00:00\",\"inLanguage\":\"en-GB\",\"potentialAction\":[{\"@type\":\"ReadAction\",\"target\":[\"https:\\\/\\\/osiris.hu\\\/urlap\\\/\"]}]},{\"@type\":\"WebSite\",\"@id\":\"https:\\\/\\\/osiris.hu\\\/#website\",\"url\":\"https:\\\/\\\/osiris.hu\\\/\",\"name\":\"OSIRIS - Bel\u00e9ptet\u0151 rendszerek\",\"description\":\"Intelligens bel\u00e9ptet\u0151 rendszerek\",\"publisher\":{\"@id\":\"https:\\\/\\\/osiris.hu\\\/#organization\"},\"potentialAction\":[{\"@type\":\"SearchAction\",\"target\":{\"@type\":\"EntryPoint\",\"urlTemplate\":\"https:\\\/\\\/osiris.hu\\\/?s={search_term_string}\"},\"query-input\":{\"@type\":\"PropertyValueSpecification\",\"valueRequired\":true,\"valueName\":\"search_term_string\"}}],\"inLanguage\":\"en-GB\"},{\"@type\":\"Organization\",\"@id\":\"https:\\\/\\\/osiris.hu\\\/#organization\",\"name\":\"Osiris\",\"url\":\"https:\\\/\\\/osiris.hu\\\/\",\"logo\":{\"@type\":\"ImageObject\",\"inLanguage\":\"en-GB\",\"@id\":\"https:\\\/\\\/osiris.hu\\\/#\\\/schema\\\/logo\\\/image\\\/\",\"url\":\"https:\\\/\\\/osiris.hu\\\/wp-content\\\/uploads\\\/2023\\\/12\\\/cropped-osirislogo.png\",\"contentUrl\":\"https:\\\/\\\/osiris.hu\\\/wp-content\\\/uploads\\\/2023\\\/12\\\/cropped-osirislogo.png\",\"width\":180,\"height\":60,\"caption\":\"Osiris\"},\"image\":{\"@id\":\"https:\\\/\\\/osiris.hu\\\/#\\\/schema\\\/logo\\\/image\\\/\"}}]}<\/script>\n<!-- \/ Yoast SEO plugin. -->","yoast_head_json":{"title":"\u0170rlap - OSIRIS - Bel\u00e9ptet\u0151 rendszerek","robots":{"index":"index","follow":"follow","max-snippet":"max-snippet:-1","max-image-preview":"max-image-preview:large","max-video-preview":"max-video-preview:-1"},"canonical":"https:\/\/osiris.hu\/en\/urlap\/","og_locale":"en_GB","og_type":"article","og_title":"\u0170rlap - OSIRIS - Bel\u00e9ptet\u0151 rendszerek","og_description":"K\u00f6sz\u00f6nj\u00fck, hogy kapcsolatba l\u00e9pett vel\u00fcnk! Hamarosan jelentkez\u00fcnk.","og_url":"https:\/\/osiris.hu\/en\/urlap\/","og_site_name":"OSIRIS - Bel\u00e9ptet\u0151 rendszerek","article_modified_time":"2023-03-08T07:56:32+00:00","twitter_card":"summary_large_image","schema":{"@context":"https:\/\/schema.org","@graph":[{"@type":"WebPage","@id":"https:\/\/osiris.hu\/urlap\/","url":"https:\/\/osiris.hu\/urlap\/","name":"\u0170rlap - OSIRIS - Bel\u00e9ptet\u0151 rendszerek","isPartOf":{"@id":"https:\/\/osiris.hu\/#website"},"datePublished":"2023-03-08T07:54:54+00:00","dateModified":"2023-03-08T07:56:32+00:00","inLanguage":"en-GB","potentialAction":[{"@type":"ReadAction","target":["https:\/\/osiris.hu\/urlap\/"]}]},{"@type":"WebSite","@id":"https:\/\/osiris.hu\/#website","url":"https:\/\/osiris.hu\/","name":"OSIRIS - Access control systems","description":"Intelligens bel\u00e9ptet\u0151 rendszerek","publisher":{"@id":"https:\/\/osiris.hu\/#organization"},"potentialAction":[{"@type":"SearchAction","target":{"@type":"EntryPoint","urlTemplate":"https:\/\/osiris.hu\/?s={search_term_string}"},"query-input":{"@type":"PropertyValueSpecification","valueRequired":true,"valueName":"search_term_string"}}],"inLanguage":"en-GB"},{"@type":"Organization","@id":"https:\/\/osiris.hu\/#organization","name":"Osiris","url":"https:\/\/osiris.hu\/","logo":{"@type":"ImageObject","inLanguage":"en-GB","@id":"https:\/\/osiris.hu\/#\/schema\/logo\/image\/","url":"https:\/\/osiris.hu\/wp-content\/uploads\/2023\/12\/cropped-osirislogo.png","contentUrl":"https:\/\/osiris.hu\/wp-content\/uploads\/2023\/12\/cropped-osirislogo.png","width":180,"height":60,"caption":"Osiris"},"image":{"@id":"https:\/\/osiris.hu\/#\/schema\/logo\/image\/"}}]}},"uagb_featured_image_src":{"full":false,"thumbnail":false,"medium":false,"medium_large":false,"large":false,"1536x1536":false,"2048x2048":false,"trp-custom-language-flag":false},"uagb_author_info":{"display_name":"Admin","author_link":"https:\/\/osiris.hu\/en\/author\/admin\/"},"uagb_comment_info":0,"uagb_excerpt":"K\u00f6sz\u00f6nj\u00fck, hogy kapcsolatba l\u00e9pett vel\u00fcnk! Hamarosan jelentkez\u00fcnk.","_links":{"self":[{"href":"https:\/\/osiris.hu\/en\/wp-json\/wp\/v2\/pages\/1184","targetHints":{"allow":["GET"]}}],"collection":[{"href":"https:\/\/osiris.hu\/en\/wp-json\/wp\/v2\/pages"}],"about":[{"href":"https:\/\/osiris.hu\/en\/wp-json\/wp\/v2\/types\/page"}],"author":[{"embeddable":true,"href":"https:\/\/osiris.hu\/en\/wp-json\/wp\/v2\/users\/1"}],"replies":[{"embeddable":true,"href":"https:\/\/osiris.hu\/en\/wp-json\/wp\/v2\/comments?post=1184"}],"version-history":[{"count":5,"href":"https:\/\/osiris.hu\/en\/wp-json\/wp\/v2\/pages\/1184\/revisions"}],"predecessor-version":[{"id":1189,"href":"https:\/\/osiris.hu\/en\/wp-json\/wp\/v2\/pages\/1184\/revisions\/1189"}],"wp:attachment":[{"href":"https:\/\/osiris.hu\/en\/wp-json\/wp\/v2\/media?parent=1184"}],"curies":[{"name":"wp","href":"https:\/\/api.w.org\/{rel}","templated":true}]}}